{"id":15559,"date":"2017-01-30T13:37:05","date_gmt":"2017-01-30T12:37:05","guid":{"rendered":"http:\/\/lamar.com.pl\/warunki-reklamacji\/"},"modified":"2017-03-10T15:37:56","modified_gmt":"2017-03-10T14:37:56","slug":"conditions-complaint","status":"publish","type":"page","link":"https:\/\/lamar.com.pl\/en\/conditions-complaint\/","title":{"rendered":"Conditions complaint"},"content":{"rendered":"<div class=\"_idGenObjectLayout-1\">\n<p>Szanowny Kliencie,<\/p>\n<p>Mamy nadziej\u0119, \u017ce nasz produkt b\u0119dzie spe\u0142nia\u0142 Pa\u0144stwa oczekiwania. Nadrz\u0119dnym celem firmy LAMAR jest realizacja projekt\u00f3w <strong>najwy\u017cszej jako\u015bci.<\/strong>\u00a0Kluczowy jest dla nas <strong>najwy\u017cszy standard obs\u0142ugi klienta<\/strong>.<\/p>\n<p>Aby zapewni\u0107 komfort u\u017cytkowania naszych produkt\u00f3w zach\u0119camy przed rozpocz\u0119ciem eksploatacji zabudowy, prosimy o <strong>dok\u0142adne zapoznanie si\u0119 z instrukcj\u0105 u\u017cytkowania<\/strong> oraz przestrzeganie podanych w niej zalece\u0144.<\/p>\n<p>Prawid\u0142owa eksploatacja zabudowy zapewnia trwa\u0142o\u015b\u0107 produkt\u00f3w i rozwi\u0105za\u0144.<\/p>\n<p>Zobacz on-line:<strong>\u00a0<a href=\"http:\/\/lamar.com.pl\/wp-content\/uploads\/2017\/01\/karta-gwarancyjna.pdf\" target=\"_blank\">Karta gwarancyjna\u00a0&#8211; PDF<\/a><\/strong><\/p>\n<div id=\"_idContainer000\" class=\"_idGenObjectStyleOverride-1\"><\/div>\n<\/div>\n<div id=\"_idContainer002\" class=\"Podstawowa-ramka-tekstowa\"><\/div>\n<div class=\"_idGenObjectLayout-1\"><\/div>\n<div class=\"_idGenObjectLayout-1\"><\/div>\n<div id=\"_idContainer016\" class=\"Podstawowa-ramka-tekstowa\"><\/div>\n<div class=\"_idGenObjectLayout-1\"><\/div>\n","protected":false},"excerpt":{"rendered":"<p>Szanowny Kliencie, Mamy nadziej\u0119, \u017ce nasz produkt b\u0119dzie spe\u0142nia\u0142 Pa\u0144stwa oczekiwania. Nadrz\u0119dnym celem firmy LAMAR jest realizacja projekt\u00f3w najwy\u017cszej jako\u015bci.\u00a0Kluczowy jest dla nas najwy\u017cszy standard obs\u0142ugi klienta. Aby zapewni\u0107 komfort u\u017cytkowania naszych produkt\u00f3w zach\u0119camy przed rozpocz\u0119ciem eksploatacji zabudowy, prosimy o dok\u0142adne zapoznanie si\u0119 z instrukcj\u0105 u\u017cytkowania oraz przestrzeganie podanych w niej zalece\u0144. Prawid\u0142owa eksploatacja zabudowy [&hellip;]<\/p>\n","protected":false},"author":8,"featured_media":0,"parent":0,"menu_order":0,"comment_status":"closed","ping_status":"closed","template":"","meta":[],"acf":[],"_links":{"self":[{"href":"https:\/\/lamar.com.pl\/en\/wp-json\/wp\/v2\/pages\/15559"}],"collection":[{"href":"https:\/\/lamar.com.pl\/en\/wp-json\/wp\/v2\/pages"}],"about":[{"href":"https:\/\/lamar.com.pl\/en\/wp-json\/wp\/v2\/types\/page"}],"author":[{"embeddable":true,"href":"https:\/\/lamar.com.pl\/en\/wp-json\/wp\/v2\/users\/8"}],"replies":[{"embeddable":true,"href":"https:\/\/lamar.com.pl\/en\/wp-json\/wp\/v2\/comments?post=15559"}],"version-history":[{"count":0,"href":"https:\/\/lamar.com.pl\/en\/wp-json\/wp\/v2\/pages\/15559\/revisions"}],"wp:attachment":[{"href":"https:\/\/lamar.com.pl\/en\/wp-json\/wp\/v2\/media?parent=15559"}],"curies":[{"name":"wp","href":"https:\/\/api.w.org\/{rel}","templated":true}]}}