{"id":26497,"date":"2023-11-08T09:36:35","date_gmt":"2023-11-08T08:36:35","guid":{"rendered":"https:\/\/lamar.com.pl\/?page_id=26497\/"},"modified":"2026-03-16T11:29:32","modified_gmt":"2026-03-16T10:29:32","slug":"kontakt-de","status":"publish","type":"page","link":"https:\/\/lamar.com.pl\/de\/kontakt-de\/","title":{"rendered":"Kontakt"},"content":{"rendered":"\n<div class=\"wp-block-columns is-layout-flex wp-container-4\">\n<div class=\"wp-block-column is-layout-flow\" style=\"font-style:normal;font-weight:400;letter-spacing:1px;flex-basis:250px\">\n<figure class=\"wp-block-image size-full\"><img decoding=\"async\" width=\"618\" height=\"951\" src=\"https:\/\/lamar.com.pl\/wp-content\/uploads\/2023\/06\/budynek-cut.jpg\" alt=\"\" class=\"wp-image-25274\" srcset=\"https:\/\/lamar.com.pl\/wp-content\/uploads\/2023\/06\/budynek-cut.jpg 618w, https:\/\/lamar.com.pl\/wp-content\/uploads\/2023\/06\/budynek-cut-195x300.jpg 195w, https:\/\/lamar.com.pl\/wp-content\/uploads\/2023\/06\/budynek-cut-75x115.jpg 75w, https:\/\/lamar.com.pl\/wp-content\/uploads\/2023\/06\/budynek-cut-16x24.jpg 16w, https:\/\/lamar.com.pl\/wp-content\/uploads\/2023\/06\/budynek-cut-23x36.jpg 23w, https:\/\/lamar.com.pl\/wp-content\/uploads\/2023\/06\/budynek-cut-31x48.jpg 31w\" sizes=\"(max-width: 618px) 100vw, 618px\" \/><\/figure>\n<\/div>\n\n\n\n<div class=\"wp-block-column is-layout-flow\" style=\"font-style:normal;font-weight:400;letter-spacing:1px;flex-basis:350px\">\n<h2><strong>LAMAR<\/strong><\/h2>\n<p>Smardz\u00f3w, ul. Wroc\u0142awska 36,<br>56-400 Ole\u015bnica.<\/p>\n\n\n\n<p>\u00d6ffnungszeiten: Montag &#8211; Freitag 7:00 \u2013 17:00<\/p>\n\n\n\n<strong><h3>tel. +48 713 983 405<\/h3><\/strong>\n\n\n\n<br><div class=\"su-spoiler su-spoiler-style-fancy su-spoiler-icon-plus su-spoiler-closed\" data-scroll-offset=\"0\" data-anchor-in-url=\"no\"><div class=\"su-spoiler-title\" tabindex=\"0\" role=\"button\"><span class=\"su-spoiler-icon\"><\/span>Formular - schneller Kontakt<\/div><div class=\"su-spoiler-content su-u-clearfix su-u-trim\"> \n<div class=\"wpcf7 no-js\" id=\"wpcf7-f27594-o1\" lang=\"pl-PL\" dir=\"ltr\">\n<div class=\"screen-reader-response\"><p role=\"status\" aria-live=\"polite\" aria-atomic=\"true\"><\/p> <ul><\/ul><\/div>\n<form action=\"\/de\/wp-json\/wp\/v2\/pages\/26497#wpcf7-f27594-o1\" method=\"post\" class=\"wpcf7-form init\" aria-label=\"Formularz kontaktowy\" novalidate=\"novalidate\" data-status=\"init\">\n<div style=\"display: none;\">\n<input type=\"hidden\" name=\"_wpcf7\" value=\"27594\" \/>\n<input type=\"hidden\" name=\"_wpcf7_version\" value=\"5.7.7\" \/>\n<input type=\"hidden\" name=\"_wpcf7_locale\" value=\"pl_PL\" \/>\n<input type=\"hidden\" name=\"_wpcf7_unit_tag\" value=\"wpcf7-f27594-o1\" \/>\n<input type=\"hidden\" name=\"_wpcf7_container_post\" value=\"0\" \/>\n<input type=\"hidden\" name=\"_wpcf7_posted_data_hash\" value=\"\" \/>\n<input type=\"hidden\" name=\"_wpcf7_recaptcha_response\" value=\"\" \/>\n<\/div>\n<div style=\"overflow-x:auto;\">\n\t<p><span class=\"wpcf7-form-control-wrap\" data-name=\"your-name\"><input size=\"40\" class=\"wpcf7-form-control wpcf7-text wpcf7-validates-as-required\" aria-required=\"true\" aria-invalid=\"false\" placeholder=\"Name (*)\" value=\"\" type=\"text\" name=\"your-name\" \/><\/span>\n\t<\/p>\n\t<p><span class=\"wpcf7-form-control-wrap\" data-name=\"your-email\"><input size=\"40\" class=\"wpcf7-form-control wpcf7-text wpcf7-email wpcf7-validates-as-required wpcf7-validates-as-email\" aria-required=\"true\" aria-invalid=\"false\" placeholder=\"E-mail Adresse (*)\" value=\"\" type=\"email\" name=\"your-email\" \/><\/span>\n\t<\/p>\n\t<p><span class=\"wpcf7-form-control-wrap\" data-name=\"tel-988\"><input size=\"40\" class=\"wpcf7-form-control wpcf7-text wpcf7-tel wpcf7-validates-as-required wpcf7-validates-as-tel\" aria-required=\"true\" aria-invalid=\"false\" placeholder=\"Telefonnummer\" value=\"\" type=\"tel\" name=\"tel-988\" \/><\/span>\n\t<\/p>\n\t<p><span class=\"wpcf7-form-control-wrap\" data-name=\"your-message\"><textarea cols=\"40\" rows=\"10\" class=\"wpcf7-form-control wpcf7-textarea\" aria-invalid=\"false\" placeholder=\"Nachricht\" name=\"your-message\"><\/textarea><\/span>\n\t<\/p>\n\t<p><input class=\"wpcf7-form-control has-spinner wpcf7-submit\" type=\"submit\" value=\"Gesendet\" \/>\n\t<\/p>\n\n<\/div><div class=\"wpcf7-response-output\" aria-hidden=\"true\"><\/div>\n<\/form>\n<\/div>\n <\/div><\/div>\n<\/div>\n\n\n\n<div class=\"wp-block-column is-layout-flow\" style=\"flex-basis:400px\">\n<div style=\"height:24px\" aria-hidden=\"true\" class=\"wp-block-spacer\"><\/div>\n\n\n\n<iframe style=\"border: 0; margin: 10px;\"  src=\"https:\/\/www.google.com\/maps\/embed?pb=!1m18!1m12!1m3!1d39985.64340370487!2d17.339260799999998!3d51.2171835!2m3!1f0!2f0!3f0!3m2!1i1024!2i768!4f13.1!3m3!1m2!1s0x470fe37992e07db7%3A0x91647b02d07b5959!2sLamar+Sp.+z+o.+o.!5e0!3m2!1spl!2spl!4v1462455874627\" width=\"100%\" height=\"250\" frameborder=\"0\" allowfullscreen=\"allowfullscreen\"><\/iframe><\/p>\n\n\n\n<p class=\"has-small-font-size\"><strong>GPS:<\/strong> 51.20055598251225, 17.317493847876307<\/p>\n<\/div>\n<\/div>\n\n\n\n\n\n<hr class=\"wp-block-separator has-text-color has-luminous-vivid-amber-color has-alpha-channel-opacity has-luminous-vivid-amber-background-color has-background is-style-wide\"\/>\n\n\n\n<h2 class=\"wp-block-heading\"><strong>LAMAR Truck Body<\/strong><\/h2>\n\n\n\n<a id=\"lambox\"><\/a>\n\n\n\n<ul>\n<li>Integrierte Aufbauten wie LAMBOX, electric LAMbox, Showroom, mobiler Laden, mobiles B\u00fcro, Eventfahrzeug, mobile Labore (einschlie\u00dflich Cytobusse), Wohnmobile und Gel\u00e4ndewagen, Food-Trucks, Kurieraufbauten, mobiles Catering (Anh\u00e4nger), LAMAR HorseTruck.<\/li>\n\n\n\n<li>Aufbau auf Lieferwagen, weicher Aufbau &#8211; offene Boxen und Boxen mit Plane, harter Aufbau &#8211; K\u00fchlschr\u00e4nke und Isotherms, Aluminium- und Laminatcontainer, LAMAR Cool &#8211; Isotherms, Lamar Trucks.<\/li>\n<\/ul>\n\n\n\n<div class=\"wp-block-columns is-layout-flex wp-container-8\">\n<div class=\"wp-block-column is-layout-flow\">\n<div class=\"nta_wa_button\" data-id=\"23884\" data-info=\"{&quot;name&quot;:&quot;Marzena Klica&quot;,&quot;info&quot;:{&quot;number&quot;:&quot;+48513848918&quot;,&quot;title&quot;:&quot;Marzena Klica&quot;,&quot;predefinedText&quot;:&quot;&quot;,&quot;willBeBackText&quot;:&quot;I will be back in [njwa_time_work]&quot;,&quot;dayOffsText&quot;:&quot;I will be back soon&quot;,&quot;isAlwaysAvailable&quot;:&quot;ON&quot;,&quot;daysOfWeekWorking&quot;:{&quot;sunday&quot;:{&quot;isWorkingOnDay&quot;:&quot;OFF&quot;,&quot;workHours&quot;:[{&quot;startTime&quot;:&quot;08:00&quot;,&quot;endTime&quot;:&quot;17:30&quot;}]},&quot;monday&quot;:{&quot;isWorkingOnDay&quot;:&quot;OFF&quot;,&quot;workHours&quot;:[{&quot;startTime&quot;:&quot;08:00&quot;,&quot;endTime&quot;:&quot;17:30&quot;}]},&quot;tuesday&quot;:{&quot;isWorkingOnDay&quot;:&quot;OFF&quot;,&quot;workHours&quot;:[{&quot;startTime&quot;:&quot;08:00&quot;,&quot;endTime&quot;:&quot;17:30&quot;}]},&quot;wednesday&quot;:{&quot;isWorkingOnDay&quot;:&quot;OFF&quot;,&quot;workHours&quot;:[{&quot;startTime&quot;:&quot;08:00&quot;,&quot;endTime&quot;:&quot;17:30&quot;}]},&quot;thursday&quot;:{&quot;isWorkingOnDay&quot;:&quot;OFF&quot;,&quot;workHours&quot;:[{&quot;startTime&quot;:&quot;08:00&quot;,&quot;endTime&quot;:&quot;17:30&quot;}]},&quot;friday&quot;:{&quot;isWorkingOnDay&quot;:&quot;OFF&quot;,&quot;workHours&quot;:[{&quot;startTime&quot;:&quot;08:00&quot;,&quot;endTime&quot;:&quot;17:30&quot;}]},&quot;saturday&quot;:{&quot;isWorkingOnDay&quot;:&quot;OFF&quot;,&quot;workHours&quot;:[{&quot;startTime&quot;:&quot;08:00&quot;,&quot;endTime&quot;:&quot;17:30&quot;}]}}},&quot;styles&quot;:{&quot;type&quot;:&quot;round&quot;,&quot;backgroundColor&quot;:&quot;#2DB742&quot;,&quot;textColor&quot;:&quot;#fff&quot;,&quot;label&quot;:&quot;Ask a question&quot;,&quot;width&quot;:300,&quot;height&quot;:64},&quot;avatar&quot;:false,&quot;options&quot;:{&quot;display&quot;:{&quot;displayCondition&quot;:&quot;showAllPage&quot;,&quot;includePages&quot;:[],&quot;excludePages&quot;:[],&quot;includePosts&quot;:[],&quot;showOnDesktop&quot;:&quot;ON&quot;,&quot;showOnMobile&quot;:&quot;ON&quot;,&quot;time_symbols&quot;:&quot;h:m&quot;},&quot;styles&quot;:{&quot;title&quot;:&quot;Start a Conversation&quot;,&quot;responseText&quot;:&quot;The team typically replies in a few minutes.&quot;,&quot;description&quot;:&quot;Hi! Click one of our member below to chat on &lt;strong&gt;WhatsApp&lt;\\\/strong&gt;&quot;,&quot;backgroundColor&quot;:&quot;#2db742&quot;,&quot;textColor&quot;:&quot;#fff&quot;,&quot;titleSize&quot;:18,&quot;accountNameSize&quot;:14,&quot;descriptionTextSize&quot;:12,&quot;regularTextSize&quot;:11,&quot;scrollHeight&quot;:500,&quot;isShowScroll&quot;:&quot;OFF&quot;,&quot;isShowResponseText&quot;:&quot;ON&quot;,&quot;btnLabel&quot;:&quot;Need Help? &lt;strong&gt;Chat with us&lt;\\\/strong&gt;&quot;,&quot;btnLabelWidth&quot;:156,&quot;btnPosition&quot;:&quot;right&quot;,&quot;btnLeftDistance&quot;:30,&quot;btnRightDistance&quot;:30,&quot;btnBottomDistance&quot;:30,&quot;isShowBtnLabel&quot;:&quot;ON&quot;,&quot;isShowGDPR&quot;:&quot;OFF&quot;,&quot;gdprContent&quot;:&quot;Please accept our &lt;a href=\\&quot;https:\\\/\\\/ninjateam.org\\\/privacy-policy\\\/\\&quot;&gt;privacy policy&lt;\\\/a&gt; first to start a conversation.&quot;},&quot;analytics&quot;:{&quot;enabledGoogle&quot;:&quot;OFF&quot;,&quot;enabledFacebook&quot;:&quot;OFF&quot;,&quot;enabledGoogleGA4&quot;:&quot;OFF&quot;}},&quot;gdprStatus&quot;:false,&quot;defaultAvatar&quot;:&quot;https:\\\/\\\/lamar.com.pl\\\/wp-content\\\/plugins\\\/wp-whatsapp\\\/assets\\\/img\\\/whatsapp_logo.svg&quot;}\"><\/div><p>\n\n\n\n<figure class=\"wp-block-image size-full is-style-rounded\"><img decoding=\"async\" width=\"150\" height=\"150\" src=\"https:\/\/lamar.com.pl\/wp-content\/uploads\/2023\/01\/m_klica_24-150.jpg\" alt=\"\" class=\"wp-image-23994\" srcset=\"https:\/\/lamar.com.pl\/wp-content\/uploads\/2023\/01\/m_klica_24-150.jpg 150w, https:\/\/lamar.com.pl\/wp-content\/uploads\/2023\/01\/m_klica_24-150-115x115.jpg 115w, https:\/\/lamar.com.pl\/wp-content\/uploads\/2023\/01\/m_klica_24-150-24x24.jpg 24w, https:\/\/lamar.com.pl\/wp-content\/uploads\/2023\/01\/m_klica_24-150-36x36.jpg 36w, https:\/\/lamar.com.pl\/wp-content\/uploads\/2023\/01\/m_klica_24-150-48x48.jpg 48w\" sizes=\"(max-width: 150px) 100vw, 150px\" \/><\/figure>\n\n\n\n<p><strong>Vertriebsspezialist (EN)<\/strong><br>Marzena Klica<br>+48 513 848 918<br>e-mail: <a href=\"mailto:m.klica@lamar.com.pl\">m.klica@lamar.com.pl<\/a><\/p>\n<\/div>\n\n\n\n<div class=\"wp-block-column is-layout-flow\"><\/div>\n\n\n\n<div class=\"wp-block-column is-layout-flow\"><\/div>\n<\/div>\n\n\n\n<hr class=\"wp-block-separator has-text-color has-luminous-vivid-amber-color has-alpha-channel-opacity has-luminous-vivid-amber-background-color has-background is-style-wide\"\/>\n\n\n\n<h2 class=\"wp-block-heading\"><strong>LAMAR AERO<\/strong><\/h2>\n\n\n\n<ul>\n<li>Sleeper Cabs, BackSleeper, SkyCab, EVO, LX, Classic, Spoiler, Verkleidungen, Aerodynamikpakete, Laminatpools.<\/li>\n<\/ul>\n\n\n\n<div class=\"wp-block-columns is-layout-flex wp-container-13\">\n<div class=\"wp-block-column is-layout-flow\">\n<div class=\"nta_wa_button\" data-id=\"23902\" data-info=\"{&quot;name&quot;:&quot;&quot;,&quot;info&quot;:&quot;&quot;,&quot;styles&quot;:{&quot;type&quot;:&quot;round&quot;,&quot;backgroundColor&quot;:&quot;#2DB742&quot;,&quot;textColor&quot;:&quot;#fff&quot;,&quot;label&quot;:&quot;Need Help? Chat with us&quot;,&quot;width&quot;:300,&quot;height&quot;:64},&quot;avatar&quot;:false,&quot;options&quot;:{&quot;display&quot;:{&quot;displayCondition&quot;:&quot;showAllPage&quot;,&quot;includePages&quot;:[],&quot;excludePages&quot;:[],&quot;includePosts&quot;:[],&quot;showOnDesktop&quot;:&quot;ON&quot;,&quot;showOnMobile&quot;:&quot;ON&quot;,&quot;time_symbols&quot;:&quot;h:m&quot;},&quot;styles&quot;:{&quot;title&quot;:&quot;Start a Conversation&quot;,&quot;responseText&quot;:&quot;The team typically replies in a few minutes.&quot;,&quot;description&quot;:&quot;Hi! Click one of our member below to chat on &lt;strong&gt;WhatsApp&lt;\\\/strong&gt;&quot;,&quot;backgroundColor&quot;:&quot;#2db742&quot;,&quot;textColor&quot;:&quot;#fff&quot;,&quot;titleSize&quot;:18,&quot;accountNameSize&quot;:14,&quot;descriptionTextSize&quot;:12,&quot;regularTextSize&quot;:11,&quot;scrollHeight&quot;:500,&quot;isShowScroll&quot;:&quot;OFF&quot;,&quot;isShowResponseText&quot;:&quot;ON&quot;,&quot;btnLabel&quot;:&quot;Need Help? &lt;strong&gt;Chat with us&lt;\\\/strong&gt;&quot;,&quot;btnLabelWidth&quot;:156,&quot;btnPosition&quot;:&quot;right&quot;,&quot;btnLeftDistance&quot;:30,&quot;btnRightDistance&quot;:30,&quot;btnBottomDistance&quot;:30,&quot;isShowBtnLabel&quot;:&quot;ON&quot;,&quot;isShowGDPR&quot;:&quot;OFF&quot;,&quot;gdprContent&quot;:&quot;Please accept our &lt;a href=\\&quot;https:\\\/\\\/ninjateam.org\\\/privacy-policy\\\/\\&quot;&gt;privacy policy&lt;\\\/a&gt; first to start a conversation.&quot;},&quot;analytics&quot;:{&quot;enabledGoogle&quot;:&quot;OFF&quot;,&quot;enabledFacebook&quot;:&quot;OFF&quot;,&quot;enabledGoogleGA4&quot;:&quot;OFF&quot;}},&quot;gdprStatus&quot;:false,&quot;defaultAvatar&quot;:&quot;https:\\\/\\\/lamar.com.pl\\\/wp-content\\\/plugins\\\/wp-whatsapp\\\/assets\\\/img\\\/whatsapp_logo.svg&quot;}\"><\/div><p>\n\n\n\n<figure class=\"wp-block-image size-full is-style-rounded\"><img decoding=\"async\" width=\"150\" height=\"150\" src=\"https:\/\/lamar.com.pl\/wp-content\/uploads\/2023\/01\/m_klica_24-150.jpg\" alt=\"\" class=\"wp-image-23994\" srcset=\"https:\/\/lamar.com.pl\/wp-content\/uploads\/2023\/01\/m_klica_24-150.jpg 150w, https:\/\/lamar.com.pl\/wp-content\/uploads\/2023\/01\/m_klica_24-150-115x115.jpg 115w, https:\/\/lamar.com.pl\/wp-content\/uploads\/2023\/01\/m_klica_24-150-24x24.jpg 24w, https:\/\/lamar.com.pl\/wp-content\/uploads\/2023\/01\/m_klica_24-150-36x36.jpg 36w, https:\/\/lamar.com.pl\/wp-content\/uploads\/2023\/01\/m_klica_24-150-48x48.jpg 48w\" sizes=\"(max-width: 150px) 100vw, 150px\" \/><\/figure>\n\n\n\n<p><strong>Vertriebsbeauftragter<\/strong><br>Marzena Klica<br>+48 513 848 918<br>e-mail:&nbsp;<a href=\"mailto:m.klica@lamar.com.pl\">m.klica@lamar.com.pl<\/a><\/p>\n<\/div>\n\n\n\n<div class=\"wp-block-column is-layout-flow\">\n<p>&nbsp;<\/p>\n\n\n\n<figure class=\"wp-block-image size-full is-style-rounded\"><img decoding=\"async\" width=\"150\" height=\"150\" src=\"https:\/\/lamar.com.pl\/wp-content\/uploads\/2023\/03\/ro.jpg\" alt=\"\" class=\"wp-image-24745\" srcset=\"https:\/\/lamar.com.pl\/wp-content\/uploads\/2023\/03\/ro.jpg 150w, https:\/\/lamar.com.pl\/wp-content\/uploads\/2023\/03\/ro-115x115.jpg 115w, https:\/\/lamar.com.pl\/wp-content\/uploads\/2023\/03\/ro-24x24.jpg 24w, https:\/\/lamar.com.pl\/wp-content\/uploads\/2023\/03\/ro-36x36.jpg 36w, https:\/\/lamar.com.pl\/wp-content\/uploads\/2023\/03\/ro-48x48.jpg 48w\" sizes=\"(max-width: 150px) 100vw, 150px\" \/><\/figure>\n\n\n\n<p><strong>RUM\u00c4NIEN<\/strong><br>ILIE C\u00ceRNEALA<br>+40 722 438 009<br>e-mail: <a href=\"mailto:depozit.aeroport@dexellspedition.ro\">depozit.aeroport@dexellspedition.ro<\/a><\/p>\n<\/div>\n\n\n\n<div class=\"wp-block-column is-layout-flow\">\n<p>&nbsp;<\/p>\n\n\n\n<figure class=\"wp-block-image size-full is-style-rounded\"><img decoding=\"async\" width=\"150\" height=\"150\" src=\"https:\/\/lamar.com.pl\/wp-content\/uploads\/2023\/03\/ro.jpg\" alt=\"\" class=\"wp-image-24745\" srcset=\"https:\/\/lamar.com.pl\/wp-content\/uploads\/2023\/03\/ro.jpg 150w, https:\/\/lamar.com.pl\/wp-content\/uploads\/2023\/03\/ro-115x115.jpg 115w, https:\/\/lamar.com.pl\/wp-content\/uploads\/2023\/03\/ro-24x24.jpg 24w, https:\/\/lamar.com.pl\/wp-content\/uploads\/2023\/03\/ro-36x36.jpg 36w, https:\/\/lamar.com.pl\/wp-content\/uploads\/2023\/03\/ro-48x48.jpg 48w\" sizes=\"(max-width: 150px) 100vw, 150px\" \/><\/figure>\n\n\n\n<p><strong>RUM\u00c4NIEN<\/strong><br>Zaharia Aurelian<br>+40 729005591<br>e-mail:&nbsp;<a href=\"mailto:office@tehnobody.ro\">office@tehnobody.ro<\/a><\/p>\n<\/div>\n\n\n\n<div class=\"wp-block-column is-layout-flow\">\n<p>&nbsp;<\/p>\n\n\n\n<figure class=\"wp-block-image size-thumbnail is-style-rounded\"><img decoding=\"async\" width=\"150\" height=\"150\" src=\"https:\/\/lamar.com.pl\/wp-content\/uploads\/2024\/02\/wegry-150x150.jpg\" alt=\"\" class=\"wp-image-26824\" srcset=\"https:\/\/lamar.com.pl\/wp-content\/uploads\/2024\/02\/wegry-150x150.jpg 150w, https:\/\/lamar.com.pl\/wp-content\/uploads\/2024\/02\/wegry-300x300.jpg 300w\" sizes=\"(max-width: 150px) 100vw, 150px\" \/><\/figure>\n\n\n\n<p><strong>HUNGARY<\/strong><br>Bende Daniel<br>+36 20&nbsp;494 7711<br>e-mail: <a href=\"mailto:info@bendeponyva.hu\">info@bendeponyva.hu<\/a><\/p>\n<\/div>\n<\/div>\n\n\n\n<p><\/p>\n\n\n\n<hr class=\"wp-block-separator has-text-color has-luminous-vivid-amber-color has-alpha-channel-opacity has-luminous-vivid-amber-background-color has-background is-style-wide\"\/>\n\n\n\n<a id=\"serwis\"><\/a>\n\n\n\n<h2 class=\"wp-block-heading\"><strong>SERVICE<\/strong><\/h2>\n\n\n\n<p><strong>SERVICE<\/strong> an eigenen und fremden Aufbauten: Garantie- und Nachgarantieuntersuchungen, Reparaturen an in- und ausl\u00e4ndischen Aufbauten bis und \u00fcber 3,5 t zul\u00e4ssigem Gesamtgewicht, Schadensreparaturen, Lackreparaturen, Reparatur von besch\u00e4digten Wandverkleidungen, Fu\u00dfb\u00f6den, Bodenbel\u00e4gen, Einbau und Service von Heizungs- und Klimaanlagen\u2026<\/p>\n\n\n\n<div class=\"wp-block-columns is-layout-flex wp-container-17\">\n<div class=\"wp-block-column is-layout-flow\">\n<figure class=\"wp-block-image size-full\"><img decoding=\"async\" width=\"191\" height=\"450\" src=\"https:\/\/lamar.com.pl\/wp-content\/uploads\/2023\/06\/serwis-kontakt.jpg\" alt=\"\" class=\"wp-image-25301\" srcset=\"https:\/\/lamar.com.pl\/wp-content\/uploads\/2023\/06\/serwis-kontakt.jpg 191w, https:\/\/lamar.com.pl\/wp-content\/uploads\/2023\/06\/serwis-kontakt-127x300.jpg 127w, https:\/\/lamar.com.pl\/wp-content\/uploads\/2023\/06\/serwis-kontakt-49x115.jpg 49w, https:\/\/lamar.com.pl\/wp-content\/uploads\/2023\/06\/serwis-kontakt-10x24.jpg 10w, https:\/\/lamar.com.pl\/wp-content\/uploads\/2023\/06\/serwis-kontakt-15x36.jpg 15w, https:\/\/lamar.com.pl\/wp-content\/uploads\/2023\/06\/serwis-kontakt-20x48.jpg 20w\" sizes=\"(max-width: 191px) 100vw, 191px\" \/><\/figure>\n<\/div>\n\n\n\n<div class=\"wp-block-column is-layout-flow\">\n<div class=\"nta_wa_button\" data-id=\"23904\" data-info=\"{&quot;name&quot;:&quot;Wojciech Kurzawa&quot;,&quot;info&quot;:{&quot;number&quot;:&quot;+48783967213&quot;,&quot;title&quot;:&quot;Wojciech Kurzawa&quot;,&quot;predefinedText&quot;:&quot;&quot;,&quot;willBeBackText&quot;:&quot;I will be back in [njwa_time_work]&quot;,&quot;dayOffsText&quot;:&quot;I will be back soon&quot;,&quot;isAlwaysAvailable&quot;:&quot;ON&quot;,&quot;daysOfWeekWorking&quot;:{&quot;sunday&quot;:{&quot;isWorkingOnDay&quot;:&quot;OFF&quot;,&quot;workHours&quot;:[{&quot;startTime&quot;:&quot;08:00&quot;,&quot;endTime&quot;:&quot;17:30&quot;}]},&quot;monday&quot;:{&quot;isWorkingOnDay&quot;:&quot;OFF&quot;,&quot;workHours&quot;:[{&quot;startTime&quot;:&quot;08:00&quot;,&quot;endTime&quot;:&quot;17:30&quot;}]},&quot;tuesday&quot;:{&quot;isWorkingOnDay&quot;:&quot;OFF&quot;,&quot;workHours&quot;:[{&quot;startTime&quot;:&quot;08:00&quot;,&quot;endTime&quot;:&quot;17:30&quot;}]},&quot;wednesday&quot;:{&quot;isWorkingOnDay&quot;:&quot;OFF&quot;,&quot;workHours&quot;:[{&quot;startTime&quot;:&quot;08:00&quot;,&quot;endTime&quot;:&quot;17:30&quot;}]},&quot;thursday&quot;:{&quot;isWorkingOnDay&quot;:&quot;OFF&quot;,&quot;workHours&quot;:[{&quot;startTime&quot;:&quot;08:00&quot;,&quot;endTime&quot;:&quot;17:30&quot;}]},&quot;friday&quot;:{&quot;isWorkingOnDay&quot;:&quot;OFF&quot;,&quot;workHours&quot;:[{&quot;startTime&quot;:&quot;08:00&quot;,&quot;endTime&quot;:&quot;17:30&quot;}]},&quot;saturday&quot;:{&quot;isWorkingOnDay&quot;:&quot;OFF&quot;,&quot;workHours&quot;:[{&quot;startTime&quot;:&quot;08:00&quot;,&quot;endTime&quot;:&quot;17:30&quot;}]}}},&quot;styles&quot;:{&quot;type&quot;:&quot;round&quot;,&quot;backgroundColor&quot;:&quot;#2DB742&quot;,&quot;textColor&quot;:&quot;#fff&quot;,&quot;label&quot;:&quot;Ask a question&quot;,&quot;width&quot;:300,&quot;height&quot;:64},&quot;avatar&quot;:false,&quot;options&quot;:{&quot;display&quot;:{&quot;displayCondition&quot;:&quot;showAllPage&quot;,&quot;includePages&quot;:[],&quot;excludePages&quot;:[],&quot;includePosts&quot;:[],&quot;showOnDesktop&quot;:&quot;ON&quot;,&quot;showOnMobile&quot;:&quot;ON&quot;,&quot;time_symbols&quot;:&quot;h:m&quot;},&quot;styles&quot;:{&quot;title&quot;:&quot;Start a Conversation&quot;,&quot;responseText&quot;:&quot;The team typically replies in a few minutes.&quot;,&quot;description&quot;:&quot;Hi! Click one of our member below to chat on &lt;strong&gt;WhatsApp&lt;\\\/strong&gt;&quot;,&quot;backgroundColor&quot;:&quot;#2db742&quot;,&quot;textColor&quot;:&quot;#fff&quot;,&quot;titleSize&quot;:18,&quot;accountNameSize&quot;:14,&quot;descriptionTextSize&quot;:12,&quot;regularTextSize&quot;:11,&quot;scrollHeight&quot;:500,&quot;isShowScroll&quot;:&quot;OFF&quot;,&quot;isShowResponseText&quot;:&quot;ON&quot;,&quot;btnLabel&quot;:&quot;Need Help? &lt;strong&gt;Chat with us&lt;\\\/strong&gt;&quot;,&quot;btnLabelWidth&quot;:156,&quot;btnPosition&quot;:&quot;right&quot;,&quot;btnLeftDistance&quot;:30,&quot;btnRightDistance&quot;:30,&quot;btnBottomDistance&quot;:30,&quot;isShowBtnLabel&quot;:&quot;ON&quot;,&quot;isShowGDPR&quot;:&quot;OFF&quot;,&quot;gdprContent&quot;:&quot;Please accept our &lt;a href=\\&quot;https:\\\/\\\/ninjateam.org\\\/privacy-policy\\\/\\&quot;&gt;privacy policy&lt;\\\/a&gt; first to start a conversation.&quot;},&quot;analytics&quot;:{&quot;enabledGoogle&quot;:&quot;OFF&quot;,&quot;enabledFacebook&quot;:&quot;OFF&quot;,&quot;enabledGoogleGA4&quot;:&quot;OFF&quot;}},&quot;gdprStatus&quot;:false,&quot;defaultAvatar&quot;:&quot;https:\\\/\\\/lamar.com.pl\\\/wp-content\\\/plugins\\\/wp-whatsapp\\\/assets\\\/img\\\/whatsapp_logo.svg&quot;}\"><\/div><p>\n\n\n\n<figure class=\"wp-block-image size-large is-style-rounded\"><img decoding=\"async\" src=\"https:\/\/lamar.com.pl\/wp-content\/uploads\/2023\/10\/wk_23_150.jpg\" alt=\"\"\/><\/figure>\n\n\n\n<p><strong>Serviceberater<\/strong><br>Wojciech Kurzawa<br>+48 783 967 213<br>e-mail: <a href=\"mailto:dt2@lamar.com.pl\">dt2@lamar.com.pl<\/a><\/p>\n<\/div>\n\n\n\n<div class=\"wp-block-column is-layout-flow\"><\/div>\n<\/div>\n","protected":false},"excerpt":{"rendered":"<p>LAMAR Smardz\u00f3w, ul. Wroc\u0142awska 36,56-400 Ole\u015bnica. \u00d6ffnungszeiten: Montag &#8211; Freitag 7:00 \u2013 17:00 tel. +48 713 983 405 GPS: 51.20055598251225, 17.317493847876307 LAMAR Truck Body Vertriebsspezialist (EN)Marzena Klica+48 513 848 918e-mail: m.klica@lamar.com.pl LAMAR AERO VertriebsbeauftragterMarzena Klica+48 513 848 918e-mail:&nbsp;m.klica@lamar.com.pl &nbsp; RUM\u00c4NIENILIE C\u00ceRNEALA+40 722 438 009e-mail: depozit.aeroport@dexellspedition.ro &nbsp; RUM\u00c4NIENZaharia Aurelian+40 729005591e-mail:&nbsp;office@tehnobody.ro &nbsp; HUNGARYBende Daniel+36 20&nbsp;494 7711e-mail: info@bendeponyva.hu [&hellip;]<\/p>\n","protected":false},"author":8,"featured_media":0,"parent":0,"menu_order":0,"comment_status":"closed","ping_status":"closed","template":"","meta":[],"acf":[],"_links":{"self":[{"href":"https:\/\/lamar.com.pl\/de\/wp-json\/wp\/v2\/pages\/26497"}],"collection":[{"href":"https:\/\/lamar.com.pl\/de\/wp-json\/wp\/v2\/pages"}],"about":[{"href":"https:\/\/lamar.com.pl\/de\/wp-json\/wp\/v2\/types\/page"}],"author":[{"embeddable":true,"href":"https:\/\/lamar.com.pl\/de\/wp-json\/wp\/v2\/users\/8"}],"replies":[{"embeddable":true,"href":"https:\/\/lamar.com.pl\/de\/wp-json\/wp\/v2\/comments?post=26497"}],"version-history":[{"count":9,"href":"https:\/\/lamar.com.pl\/de\/wp-json\/wp\/v2\/pages\/26497\/revisions"}],"predecessor-version":[{"id":28548,"href":"https:\/\/lamar.com.pl\/de\/wp-json\/wp\/v2\/pages\/26497\/revisions\/28548"}],"wp:attachment":[{"href":"https:\/\/lamar.com.pl\/de\/wp-json\/wp\/v2\/media?parent=26497"}],"curies":[{"name":"wp","href":"https:\/\/api.w.org\/{rel}","templated":true}]}}