{"id":14483,"date":"2016-12-21T07:54:37","date_gmt":"2016-12-21T06:54:37","guid":{"rendered":"http:\/\/lamar.com.pl\/o-firmie\/"},"modified":"2023-02-02T12:16:22","modified_gmt":"2023-02-02T11:16:22","slug":"uber-uns","status":"publish","type":"page","link":"https:\/\/lamar.com.pl\/de\/uber-uns\/","title":{"rendered":"\u00dcber uns"},"content":{"rendered":"<figure id=\"attachment_11930\" aria-describedby=\"caption-attachment-11930\" style=\"width: 500px\" class=\"wp-caption alignleft\"><img decoding=\"async\" class=\"wp-image-11930\" src=\"https:\/\/lamar.com.pl\/wp-content\/uploads\/2016\/12\/web-kopia-300x169.jpg\" alt=\"\" width=\"500\" height=\"281\" srcset=\"https:\/\/lamar.com.pl\/wp-content\/uploads\/2016\/12\/web-kopia-300x169.jpg 300w, https:\/\/lamar.com.pl\/wp-content\/uploads\/2016\/12\/web-kopia-1024x576.jpg 1024w, https:\/\/lamar.com.pl\/wp-content\/uploads\/2016\/12\/web-kopia-768x432.jpg 768w, https:\/\/lamar.com.pl\/wp-content\/uploads\/2016\/12\/web-kopia-204x115.jpg 204w, https:\/\/lamar.com.pl\/wp-content\/uploads\/2016\/12\/web-kopia-24x14.jpg 24w, https:\/\/lamar.com.pl\/wp-content\/uploads\/2016\/12\/web-kopia-36x20.jpg 36w, https:\/\/lamar.com.pl\/wp-content\/uploads\/2016\/12\/web-kopia-48x27.jpg 48w, https:\/\/lamar.com.pl\/wp-content\/uploads\/2016\/12\/web-kopia.jpg 1200w\" sizes=\"(max-width: 500px) 100vw, 500px\" \/><figcaption id=\"caption-attachment-11930\" class=\"wp-caption-text\">Hauptsitz der Firma Lamar Sp. z o.o. in Smardz\u00f3w bei Ole\u015bnica<\/figcaption><\/figure>\n<h2>Unsere Geschichte begann im Jahre 1992.<\/h2>\n<p>Die ersten Produkte waren aerodynamische Spoiler, und das Unternehmen wurde von einem Dutzend Personen mitgestaltet. Jedes Jahr gab es viele entscheidende Ereignisse und die eingesammelte Erfahrunge f\u00fchrte zur Entwicklung von vielen innovativen Produkten, die im Laufe der Jahre wertvolle Preise und Auszeichnungen erhielten. Heute sind wir einer der f\u00fchrenden Hersteller von Aufbauten f\u00fcr Nutzfahrzeuge bis 3,5 t auf dem polnischen Markt. Im Jahre 2017 wurde mit dem Bau einer neuen Montagehalle in Smardz\u00f3w begonnen.<\/p>\n<p>Wir sind stolz darauf, dass unsere Produkte die Gesch\u00e4ftsziele unserer Kunden im In- und Ausland unterst\u00fctzen.<\/p>\n<h2>Reiche Erfahrung und professionelles Personal<\/h2>\n<figure id=\"attachment_19323\" aria-describedby=\"caption-attachment-19323\" style=\"width: 450px\" class=\"wp-caption alignright\"><img decoding=\"async\" class=\"wp-image-19323\" src=\"https:\/\/lamar.com.pl\/wp-content\/uploads\/2016\/12\/lamar-milicz-hala-produkcyjna-300x169.jpg\" alt=\"\" width=\"450\" height=\"253\" \/><figcaption id=\"caption-attachment-19323\" class=\"wp-caption-text\">Produktionsbetrieb in S\u0142awoszowice bei Milicz (Niederschlesien)<\/figcaption><\/figure>\n<p>30 Jahre Erfahrung in der Branche der Aufbauten von Lieferwagen und Sattelzugmaschinen sind ein enormes Erfahrungsgep\u00e4ck. Dieses Wissenskapital ist nicht zu \u00fcbersch\u00e4tzen. Von einem kleinen Betrieb in der N\u00e4he von Ole\u015bnica wuchs unsere Organisation zu zwei Produktionsst\u00e4tten \u2013 Smardz\u00f3w und Milicz auf.<\/p>\n<hr class=\"empty-space\" \/>\n<div class=\"su-row\">\n<div class=\"su-column su-column-size-1-4\"><div class=\"su-column-inner su-u-clearfix su-u-trim\">\n<p><img decoding=\"async\" class=\"aligncenter wp-image-11950\" src=\"http:\/\/lamar.com.pl\/wp-content\/uploads\/2016\/12\/earth-512.png\" width=\"140\" height=\"140\" srcset=\"https:\/\/lamar.com.pl\/wp-content\/uploads\/2016\/12\/earth-512.png 512w, https:\/\/lamar.com.pl\/wp-content\/uploads\/2016\/12\/earth-512-300x300.png 300w, https:\/\/lamar.com.pl\/wp-content\/uploads\/2016\/12\/earth-512-150x150.png 150w, https:\/\/lamar.com.pl\/wp-content\/uploads\/2016\/12\/earth-512-500x500.png 500w, https:\/\/lamar.com.pl\/wp-content\/uploads\/2016\/12\/earth-512-115x115.png 115w, https:\/\/lamar.com.pl\/wp-content\/uploads\/2016\/12\/earth-512-320x320.png 320w, https:\/\/lamar.com.pl\/wp-content\/uploads\/2016\/12\/earth-512-24x24.png 24w, https:\/\/lamar.com.pl\/wp-content\/uploads\/2016\/12\/earth-512-36x36.png 36w, https:\/\/lamar.com.pl\/wp-content\/uploads\/2016\/12\/earth-512-48x48.png 48w\" sizes=\"(max-width: 140px) 100vw, 140px\" \/><\/p>\n<\/div><\/div>\n<div class=\"su-column su-column-size-3-4\"><div class=\"su-column-inner su-u-clearfix su-u-trim\">\n<h2 class=\"Normalny\" style=\"margin-bottom: .0001pt; line-height: normal;\">St\u00e4ndige Entwicklung<\/h2>\n<p>Die Priorit\u00e4t des Unternehmens ist es, langfristige Gesch\u00e4ftsbeziehungen aufzubauen und Produkte zu entwickeln, die den Erwartungen zuk\u00fcnftiger und aktueller Kunden in ganz Europa entsprechen. Deshalb halten wir es f\u00fcr \u00e4u\u00dferst wertvoll, ein Netzwerk von Handelspartnern in Deutschland und den Niederlanden, Ungarn und Slowenien zu haben und auszubauen.<\/p>\n<\/div><\/div>\n<\/div>\n<div class=\"su-row\">\n<div class=\"su-column su-column-size-1-4\"><div class=\"su-column-inner su-u-clearfix su-u-trim\">\n<p><img decoding=\"async\" class=\"aligncenter size-medium wp-image-11969\" src=\"http:\/\/lamar.com.pl\/wp-content\/uploads\/2016\/12\/logo_iaa.svg_-300x71.png\" alt=\"\" width=\"140\" srcset=\"https:\/\/lamar.com.pl\/wp-content\/uploads\/2016\/12\/logo_iaa.svg_-300x71.png 300w, https:\/\/lamar.com.pl\/wp-content\/uploads\/2016\/12\/logo_iaa.svg_-1024x241.png 1024w, https:\/\/lamar.com.pl\/wp-content\/uploads\/2016\/12\/logo_iaa.svg_-768x180.png 768w, https:\/\/lamar.com.pl\/wp-content\/uploads\/2016\/12\/logo_iaa.svg_-1536x361.png 1536w, https:\/\/lamar.com.pl\/wp-content\/uploads\/2016\/12\/logo_iaa.svg_-215x51.png 215w, https:\/\/lamar.com.pl\/wp-content\/uploads\/2016\/12\/logo_iaa.svg_-24x6.png 24w, https:\/\/lamar.com.pl\/wp-content\/uploads\/2016\/12\/logo_iaa.svg_-36x8.png 36w, https:\/\/lamar.com.pl\/wp-content\/uploads\/2016\/12\/logo_iaa.svg_-48x11.png 48w, https:\/\/lamar.com.pl\/wp-content\/uploads\/2016\/12\/logo_iaa.svg_.png 2000w\" sizes=\"(max-width: 300px) 100vw, 300px\" \/><\/p>\n<\/div><\/div>\n<div class=\"su-column su-column-size-3-4\"><div class=\"su-column-inner su-u-clearfix su-u-trim\">\n<h2>Wir sind da, wo unsere Kunden sind.<\/h2>\n<p>Wir wollen nicht, dass wir verpassen, was wichtig ist. Wir verwenden modern\u0119 Kommunikationskan\u00e4le, um unsere Kunden zu erreichen. Wir beraten unsere Gesch\u00e4ftspartner, welche L\u00f6sungen funktionieren am besten. Deshalb teilen wir gerne unser Wissen auf unserem Blog, ver\u00f6ffentlichen Anleitungsvideos und pr\u00e4sentieren unsere Realisierungen. Wir sind auf prestigetr\u00e4chtigen und Branchenmessen vertreten. Dreifache Pr\u00e4senz von Lamar auf der IAA Hannover (2012, 2014, 2016, 2018) ist kein Zufall.<br \/>\n<\/div><\/div>\n<\/div>\n<div class=\"su-row\">\n<div class=\"su-column su-column-size-1-4\"><div class=\"su-column-inner su-u-clearfix su-u-trim\">\n<p><img decoding=\"async\" class=\"aligncenter size-full wp-image-11967\" src=\"http:\/\/lamar.com.pl\/wp-content\/uploads\/2016\/12\/construction_25-18-512.png\" alt=\"\" width=\"140\" height=\"140\" srcset=\"https:\/\/lamar.com.pl\/wp-content\/uploads\/2016\/12\/construction_25-18-512.png 512w, https:\/\/lamar.com.pl\/wp-content\/uploads\/2016\/12\/construction_25-18-512-300x300.png 300w, https:\/\/lamar.com.pl\/wp-content\/uploads\/2016\/12\/construction_25-18-512-150x150.png 150w, https:\/\/lamar.com.pl\/wp-content\/uploads\/2016\/12\/construction_25-18-512-500x500.png 500w, https:\/\/lamar.com.pl\/wp-content\/uploads\/2016\/12\/construction_25-18-512-115x115.png 115w, https:\/\/lamar.com.pl\/wp-content\/uploads\/2016\/12\/construction_25-18-512-320x320.png 320w, https:\/\/lamar.com.pl\/wp-content\/uploads\/2016\/12\/construction_25-18-512-24x24.png 24w, https:\/\/lamar.com.pl\/wp-content\/uploads\/2016\/12\/construction_25-18-512-36x36.png 36w, https:\/\/lamar.com.pl\/wp-content\/uploads\/2016\/12\/construction_25-18-512-48x48.png 48w\" sizes=\"(max-width: 140px) 100vw, 140px\" \/><\/p>\n<\/div><\/div>\n<div class=\"su-column su-column-size-3-4\"><div class=\"su-column-inner su-u-clearfix su-u-trim\">\n<h2>Wir verf\u00fcgen \u00fcber eigenes Projektb\u00fcro und Modellwerkstatt.<\/h2>\n<p>Lamar als eine von nicht vielen Firmen in Polen, macht alle Projekte und Modelle der Produkten selbstst\u00e4ndig. Wir f\u00fchren technische Pr\u00fcfungen der Produkten durch, damit sie allen Anforderungen entsprechen, wie auch die Zulassungen f\u00fcr den Verkehr in Polen und EU-L\u00e4ndern.<\/p>\n<\/div><\/div>\n<\/div>\n<div class=\"su-row\">\n<div class=\"su-column su-column-size-1-4\"><div class=\"su-column-inner su-u-clearfix su-u-trim\">\n<p><img decoding=\"async\" class=\"aligncenter wp-image-11960\" src=\"http:\/\/lamar.com.pl\/wp-content\/uploads\/2016\/12\/gazele.png\" width=\"215\" height=\"54\" srcset=\"https:\/\/lamar.com.pl\/wp-content\/uploads\/2016\/12\/gazele.png 1890w, https:\/\/lamar.com.pl\/wp-content\/uploads\/2016\/12\/gazele-300x75.png 300w, https:\/\/lamar.com.pl\/wp-content\/uploads\/2016\/12\/gazele-1024x256.png 1024w, https:\/\/lamar.com.pl\/wp-content\/uploads\/2016\/12\/gazele-768x192.png 768w, https:\/\/lamar.com.pl\/wp-content\/uploads\/2016\/12\/gazele-1536x384.png 1536w, https:\/\/lamar.com.pl\/wp-content\/uploads\/2016\/12\/gazele-215x54.png 215w, https:\/\/lamar.com.pl\/wp-content\/uploads\/2016\/12\/gazele-24x6.png 24w, https:\/\/lamar.com.pl\/wp-content\/uploads\/2016\/12\/gazele-36x9.png 36w, https:\/\/lamar.com.pl\/wp-content\/uploads\/2016\/12\/gazele-48x12.png 48w\" sizes=\"(max-width: 215px) 100vw, 215px\" \/><\/p>\n<\/div><\/div>\n<div class=\"su-column su-column-size-3-4\"><div class=\"su-column-inner su-u-clearfix su-u-trim\">\n<h2>Wir projektieren urheberrechtlich gesch\u00fctzte L\u00f6sungen und werden ausgezeichnet.<\/h2>\n<p>Das Jahr 2016 brachte mit sich neue interessante Herausforderungen. Das selbstentwickelte Regalsystem im Kurierfahrzeug deb\u00fctierte auf der IAA Hannover 2016, auf der wir bereits zum dritten Mal anwesend waren. Und das sind nur einige Beispiele aus unserem Angebot von fast 50 Produktarten. Das Ergebnis unserer Arbeit ist die Erlangung von prestigetr\u00e4chtigen Auszeichnungen, darunter \u2013 zweimal in Folge \u2013 der \u201eBiznes-Gazelle\u201c, f\u00fcr dynamische Entwicklung und finanziellen Erfolg.<\/p>\n<\/div><\/div>\n<\/div>\n<div class=\"su-row\">\n<div class=\"su-column su-column-size-1-4\"><div class=\"su-column-inner su-u-clearfix su-u-trim\">\n<p><img decoding=\"async\" class=\"wp-image-18249 size-medium aligncenter\" src=\"https:\/\/lamar.com.pl\/wp-content\/uploads\/2016\/12\/ue_efrr_poz-1-300x98.jpg\" alt=\"\" width=\"300\" height=\"98\" srcset=\"https:\/\/lamar.com.pl\/wp-content\/uploads\/2016\/12\/ue_efrr_poz-1-300x98.jpg 300w, https:\/\/lamar.com.pl\/wp-content\/uploads\/2016\/12\/ue_efrr_poz-1-1024x334.jpg 1024w, https:\/\/lamar.com.pl\/wp-content\/uploads\/2016\/12\/ue_efrr_poz-1-768x251.jpg 768w, https:\/\/lamar.com.pl\/wp-content\/uploads\/2016\/12\/ue_efrr_poz-1-215x70.jpg 215w, https:\/\/lamar.com.pl\/wp-content\/uploads\/2016\/12\/ue_efrr_poz-1-24x8.jpg 24w, https:\/\/lamar.com.pl\/wp-content\/uploads\/2016\/12\/ue_efrr_poz-1-36x12.jpg 36w, https:\/\/lamar.com.pl\/wp-content\/uploads\/2016\/12\/ue_efrr_poz-1-48x16.jpg 48w, https:\/\/lamar.com.pl\/wp-content\/uploads\/2016\/12\/ue_efrr_poz-1.jpg 1447w\" sizes=\"(max-width: 300px) 100vw, 300px\" \/><\/p>\n<\/div><\/div>\n<div class=\"su-column su-column-size-3-4\"><div class=\"su-column-inner su-u-clearfix su-u-trim\">\n<h2>Wir werden von den EU-Fonds unterst\u00fctzt.<\/h2>\n<p>Investitionen, Innovation und stetiges Wachstum erfordern konkrete finanzielle Mittel. Lamar gewinnt und realisiert erfolgreich Investitions-, Werbe- und Ausbildungsprojekte mit Unterst\u00fctzung von verschiedenen Operationsprogrammen, die im Rahmen des Europ\u00e4ischen Fonds f\u00fcr regionale Entwicklung durchgef\u00fchrt werden.<\/p>\n<\/div><\/div>\n<\/div>\n<hr class=\"empty-space\" \/>\n<p><img decoding=\"async\" class=\"wp-image-19751 size-large aligncenter\" src=\"https:\/\/lamar.com.pl\/wp-content\/uploads\/2016\/12\/nagrody-lamaraktualny-tuv-2018-1024x113-1-1024x106.jpg\" alt=\"\" width=\"1024\" height=\"106\" \/><\/p>\n","protected":false},"excerpt":{"rendered":"<p>Unsere Geschichte begann im Jahre 1992. Die ersten Produkte waren aerodynamische Spoiler, und das Unternehmen wurde von einem Dutzend Personen mitgestaltet. Jedes Jahr gab es viele entscheidende Ereignisse und die eingesammelte Erfahrunge f\u00fchrte zur Entwicklung von vielen innovativen Produkten, die im Laufe der Jahre wertvolle Preise und Auszeichnungen erhielten. Heute sind wir einer der f\u00fchrenden [&hellip;]<\/p>\n","protected":false},"author":8,"featured_media":0,"parent":0,"menu_order":0,"comment_status":"closed","ping_status":"closed","template":"","meta":[],"acf":[],"_links":{"self":[{"href":"https:\/\/lamar.com.pl\/de\/wp-json\/wp\/v2\/pages\/14483"}],"collection":[{"href":"https:\/\/lamar.com.pl\/de\/wp-json\/wp\/v2\/pages"}],"about":[{"href":"https:\/\/lamar.com.pl\/de\/wp-json\/wp\/v2\/types\/page"}],"author":[{"embeddable":true,"href":"https:\/\/lamar.com.pl\/de\/wp-json\/wp\/v2\/users\/8"}],"replies":[{"embeddable":true,"href":"https:\/\/lamar.com.pl\/de\/wp-json\/wp\/v2\/comments?post=14483"}],"version-history":[{"count":0,"href":"https:\/\/lamar.com.pl\/de\/wp-json\/wp\/v2\/pages\/14483\/revisions"}],"wp:attachment":[{"href":"https:\/\/lamar.com.pl\/de\/wp-json\/wp\/v2\/media?parent=14483"}],"curies":[{"name":"wp","href":"https:\/\/api.w.org\/{rel}","templated":true}]}}